{"id":898,"date":"2024-12-09T11:08:07","date_gmt":"2024-12-09T10:08:07","guid":{"rendered":"https:\/\/melosa.fr\/?page_id=898"},"modified":"2024-12-16T17:56:31","modified_gmt":"2024-12-16T16:56:31","slug":"lookbook","status":"publish","type":"page","link":"https:\/\/melosa.fr\/index.php\/lookbook\/","title":{"rendered":"Lookbook"},"content":{"rendered":"\t\t<div data-elementor-type=\"wp-page\" data-elementor-id=\"898\" class=\"elementor elementor-898\" data-elementor-post-type=\"page\">\n\t\t\t\t<div class=\"elementor-element elementor-element-7f60f56a e-flex e-con-boxed e-con e-parent\" data-id=\"7f60f56a\" data-element_type=\"container\">\n\t\t\t\t\t<div class=\"e-con-inner\">\n\t\t\t\t<div class=\"elementor-element elementor-element-7ba51c8e elementor-widget elementor-widget-heading\" data-id=\"7ba51c8e\" data-element_type=\"widget\" data-widget_type=\"heading.default\">\n\t\t\t\t<div class=\"elementor-widget-container\">\n\t\t\t<h1 class=\"elementor-heading-title elementor-size-default\">Lookbook<\/h1>\t\t<\/div>\n\t\t\t\t<\/div>\n\t\t\t\t<div class=\"elementor-element elementor-element-214ea005 elementor-widget elementor-widget-text-editor\" data-id=\"214ea005\" data-element_type=\"widget\" data-widget_type=\"text-editor.default\">\n\t\t\t\t<div class=\"elementor-widget-container\">\n\t\t\t\t\t\t\t<p>Pour voir nos sacs \u00e0 main en situation<\/p>\t\t\t\t\t\t<\/div>\n\t\t\t\t<\/div>\n\t\t\t\t\t<\/div>\n\t\t\t\t<\/div>\n\t\t<div class=\"elementor-element elementor-element-8bffb18 e-flex e-con-boxed e-con e-parent\" data-id=\"8bffb18\" data-element_type=\"container\">\n\t\t\t\t\t<div class=\"e-con-inner\">\n\t\t\t\t<div class=\"elementor-element elementor-element-80eedea elementor-widget elementor-widget-gallery\" data-id=\"80eedea\" data-element_type=\"widget\" data-settings=\"{&quot;columns&quot;:2,&quot;lazyload&quot;:&quot;yes&quot;,&quot;gallery_layout&quot;:&quot;grid&quot;,&quot;columns_tablet&quot;:2,&quot;columns_mobile&quot;:1,&quot;gap&quot;:{&quot;unit&quot;:&quot;px&quot;,&quot;size&quot;:10,&quot;sizes&quot;:[]},&quot;gap_tablet&quot;:{&quot;unit&quot;:&quot;px&quot;,&quot;size&quot;:10,&quot;sizes&quot;:[]},&quot;gap_mobile&quot;:{&quot;unit&quot;:&quot;px&quot;,&quot;size&quot;:10,&quot;sizes&quot;:[]},&quot;link_to&quot;:&quot;file&quot;,&quot;aspect_ratio&quot;:&quot;3:2&quot;}\" data-widget_type=\"gallery.default\">\n\t\t\t\t<div class=\"elementor-widget-container\">\n\t\t\t\t\t<div class=\"elementor-gallery__container\">\n\t\t\t\t\t\t\t<a class=\"e-gallery-item elementor-gallery-item\" href=\"https:\/\/melosa.fr\/wp-content\/uploads\/2024\/12\/IMG_0966_VSCO-scaled-e1734366904583.webp\" data-elementor-open-lightbox=\"yes\" data-elementor-lightbox-slideshow=\"80eedea\" data-elementor-lightbox-title=\"Sac Baby Ang\u00e8le Ros\u00e9\" data-e-action-hash=\"#elementor-action%3Aaction%3Dlightbox%26settings%3DeyJpZCI6OTIyLCJ1cmwiOiJodHRwczpcL1wvbWVsb3NhLmZyXC93cC1jb250ZW50XC91cGxvYWRzXC8yMDI0XC8xMlwvSU1HXzA5NjZfVlNDTy1zY2FsZWQtZTE3MzQzNjY5MDQ1ODMud2VicCIsInNsaWRlc2hvdyI6IjgwZWVkZWEifQ%3D%3D\">\n\t\t\t\t\t<div class=\"e-gallery-image elementor-gallery-item__image\" data-thumbnail=\"https:\/\/melosa.fr\/wp-content\/uploads\/2024\/12\/IMG_0966_VSCO-scaled-e1734366904583.webp\" data-width=\"1707\" data-height=\"1766\" aria-label=\"Sac en crochet fait main mod\u00e8le Baby Ang\u00e8le Ros\u00e9\" role=\"img\" ><\/div>\n\t\t\t\t\t\t\t\t\t\t\t\t\t\t<\/a>\n\t\t\t\t\t\t\t<a class=\"e-gallery-item elementor-gallery-item\" href=\"https:\/\/melosa.fr\/wp-content\/uploads\/2024\/10\/sac_bleu_porte-scaled.webp\" data-elementor-open-lightbox=\"yes\" data-elementor-lightbox-slideshow=\"80eedea\" data-elementor-lightbox-title=\"Sac Baby Ang\u00e8le Bleu p\u00e9trole argent\u00e9\" data-e-action-hash=\"#elementor-action%3Aaction%3Dlightbox%26settings%3DeyJpZCI6ODg3LCJ1cmwiOiJodHRwczpcL1wvbWVsb3NhLmZyXC93cC1jb250ZW50XC91cGxvYWRzXC8yMDI0XC8xMFwvc2FjX2JsZXVfcG9ydGUtc2NhbGVkLndlYnAiLCJzbGlkZXNob3ciOiI4MGVlZGVhIn0%3D\">\n\t\t\t\t\t<div class=\"e-gallery-image elementor-gallery-item__image\" data-thumbnail=\"https:\/\/melosa.fr\/wp-content\/uploads\/2024\/10\/sac_bleu_porte-scaled.webp\" data-width=\"2560\" data-height=\"2560\" aria-label=\"Sac Baby Ang\u00e8le bleu p\u00e9trole argent\u00e9 port\u00e9 \u00e0 l&#039;\u00e9paule\" role=\"img\" ><\/div>\n\t\t\t\t\t\t\t\t\t\t\t\t\t\t<\/a>\n\t\t\t\t\t\t\t<a class=\"e-gallery-item elementor-gallery-item\" href=\"https:\/\/melosa.fr\/wp-content\/uploads\/2024\/12\/porte_sac_angele_creme5-scaled.webp\" data-elementor-open-lightbox=\"yes\" data-elementor-lightbox-slideshow=\"80eedea\" data-elementor-lightbox-title=\"Sac Ang\u00e8le Cr\u00e8me\" data-e-action-hash=\"#elementor-action%3Aaction%3Dlightbox%26settings%3DeyJpZCI6OTUwLCJ1cmwiOiJodHRwczpcL1wvbWVsb3NhLmZyXC93cC1jb250ZW50XC91cGxvYWRzXC8yMDI0XC8xMlwvcG9ydGVfc2FjX2FuZ2VsZV9jcmVtZTUtc2NhbGVkLndlYnAiLCJzbGlkZXNob3ciOiI4MGVlZGVhIn0%3D\">\n\t\t\t\t\t<div class=\"e-gallery-image elementor-gallery-item__image\" data-thumbnail=\"https:\/\/melosa.fr\/wp-content\/uploads\/2024\/12\/porte_sac_angele_creme5-scaled.webp\" data-width=\"2048\" data-height=\"2560\" aria-label=\"Sac en crochet fait main mod\u00e8le Ang\u00e8le Cr\u00e8me\" role=\"img\" ><\/div>\n\t\t\t\t\t\t\t\t\t\t\t\t\t\t<\/a>\n\t\t\t\t\t\t\t<a class=\"e-gallery-item elementor-gallery-item\" href=\"https:\/\/melosa.fr\/wp-content\/uploads\/2024\/12\/DSC05701-scaled.webp\" data-elementor-open-lightbox=\"yes\" data-elementor-lightbox-slideshow=\"80eedea\" data-elementor-lightbox-title=\"Sac Baby Ang\u00e8le Ros\u00e9\" data-e-action-hash=\"#elementor-action%3Aaction%3Dlightbox%26settings%3DeyJpZCI6OTUyLCJ1cmwiOiJodHRwczpcL1wvbWVsb3NhLmZyXC93cC1jb250ZW50XC91cGxvYWRzXC8yMDI0XC8xMlwvRFNDMDU3MDEtc2NhbGVkLndlYnAiLCJzbGlkZXNob3ciOiI4MGVlZGVhIn0%3D\">\n\t\t\t\t\t<div class=\"e-gallery-image elementor-gallery-item__image\" data-thumbnail=\"https:\/\/melosa.fr\/wp-content\/uploads\/2024\/12\/DSC05701-scaled.webp\" data-width=\"1707\" data-height=\"2560\" aria-label=\"Sac en crochet fait main mod\u00e8le Baby Ang\u00e8le Ros\u00e9\" role=\"img\" ><\/div>\n\t\t\t\t\t\t\t\t\t\t\t\t\t\t<\/a>\n\t\t\t\t\t\t\t<a class=\"e-gallery-item elementor-gallery-item\" href=\"https:\/\/melosa.fr\/wp-content\/uploads\/2024\/12\/DSC05772-scaled-e1734367880910.webp\" data-elementor-open-lightbox=\"yes\" data-elementor-lightbox-slideshow=\"80eedea\" data-elementor-lightbox-title=\"Sac Ang\u00e8le Cr\u00e8me\" data-e-action-hash=\"#elementor-action%3Aaction%3Dlightbox%26settings%3DeyJpZCI6OTQ5LCJ1cmwiOiJodHRwczpcL1wvbWVsb3NhLmZyXC93cC1jb250ZW50XC91cGxvYWRzXC8yMDI0XC8xMlwvRFNDMDU3NzItc2NhbGVkLWUxNzM0MzY3ODgwOTEwLndlYnAiLCJzbGlkZXNob3ciOiI4MGVlZGVhIn0%3D\">\n\t\t\t\t\t<div class=\"e-gallery-image elementor-gallery-item__image\" data-thumbnail=\"https:\/\/melosa.fr\/wp-content\/uploads\/2024\/12\/DSC05772-scaled-e1734367880910.webp\" data-width=\"1707\" data-height=\"2103\" aria-label=\"Sac en crochet fait main mod\u00e8le Ang\u00e8le Cr\u00e8me\" role=\"img\" ><\/div>\n\t\t\t\t\t\t\t\t\t\t\t\t\t\t<\/a>\n\t\t\t\t\t\t\t<a class=\"e-gallery-item elementor-gallery-item\" href=\"https:\/\/melosa.fr\/wp-content\/uploads\/2024\/12\/porte_sac_angele_creme-scaled.webp\" data-elementor-open-lightbox=\"yes\" data-elementor-lightbox-slideshow=\"80eedea\" data-elementor-lightbox-title=\"Sac Ang\u00e8le Cr\u00e8me\" data-e-action-hash=\"#elementor-action%3Aaction%3Dlightbox%26settings%3DeyJpZCI6OTUxLCJ1cmwiOiJodHRwczpcL1wvbWVsb3NhLmZyXC93cC1jb250ZW50XC91cGxvYWRzXC8yMDI0XC8xMlwvcG9ydGVfc2FjX2FuZ2VsZV9jcmVtZS1zY2FsZWQud2VicCIsInNsaWRlc2hvdyI6IjgwZWVkZWEifQ%3D%3D\">\n\t\t\t\t\t<div class=\"e-gallery-image elementor-gallery-item__image\" data-thumbnail=\"https:\/\/melosa.fr\/wp-content\/uploads\/2024\/12\/porte_sac_angele_creme-scaled.webp\" data-width=\"2048\" data-height=\"2560\" aria-label=\"Sac en crochet fait main mod\u00e8le Ang\u00e8le Cr\u00e8me\" role=\"img\" ><\/div>\n\t\t\t\t\t\t\t\t\t\t\t\t\t\t<\/a>\n\t\t\t\t\t<\/div>\n\t\t\t<\/div>\n\t\t\t\t<\/div>\n\t\t\t\t\t<\/div>\n\t\t\t\t<\/div>\n\t\t\t\t<\/div>\n\t\t","protected":false},"excerpt":{"rendered":"<p>Lookbook Pour voir nos sacs \u00e0 main en situation<\/p>\n","protected":false},"author":1,"featured_media":0,"parent":0,"menu_order":0,"comment_status":"closed","ping_status":"closed","template":"","meta":{"footnotes":""},"class_list":["post-898","page","type-page","status-publish","hentry"],"jetpack_sharing_enabled":true,"_links":{"self":[{"href":"https:\/\/melosa.fr\/index.php\/wp-json\/wp\/v2\/pages\/898","targetHints":{"allow":["GET"]}}],"collection":[{"href":"https:\/\/melosa.fr\/index.php\/wp-json\/wp\/v2\/pages"}],"about":[{"href":"https:\/\/melosa.fr\/index.php\/wp-json\/wp\/v2\/types\/page"}],"author":[{"embeddable":true,"href":"https:\/\/melosa.fr\/index.php\/wp-json\/wp\/v2\/users\/1"}],"replies":[{"embeddable":true,"href":"https:\/\/melosa.fr\/index.php\/wp-json\/wp\/v2\/comments?post=898"}],"version-history":[{"count":16,"href":"https:\/\/melosa.fr\/index.php\/wp-json\/wp\/v2\/pages\/898\/revisions"}],"predecessor-version":[{"id":963,"href":"https:\/\/melosa.fr\/index.php\/wp-json\/wp\/v2\/pages\/898\/revisions\/963"}],"wp:attachment":[{"href":"https:\/\/melosa.fr\/index.php\/wp-json\/wp\/v2\/media?parent=898"}],"curies":[{"name":"wp","href":"https:\/\/api.w.org\/{rel}","templated":true}]}}