{"id":182,"date":"2024-10-02T19:29:04","date_gmt":"2024-10-02T17:29:04","guid":{"rendered":"https:\/\/melosa.fr\/?post_type=product&#038;p=182"},"modified":"2025-01-14T17:40:12","modified_gmt":"2025-01-14T16:40:12","slug":"baby-angele-rose","status":"publish","type":"product","link":"https:\/\/melosa.fr\/index.php\/produit\/baby-angele-rose\/","title":{"rendered":"Baby Ang\u00e8le &#8211; Ros\u00e9"},"content":{"rendered":"<p>Ce sac en crochet en version Baby est id\u00e9al pour les adeptes des plus petits sacs. Sa taille compacte mais spacieuse permet de transporter vos essentiels avec \u00e9l\u00e9gance. Apportez une touche de gaiet\u00e9 \u00e0 votre style avec ses couleurs vives et \u00e9clatantes.<\/p>\n<p>Ce sac est fabriqu\u00e9 en fonction des commandes, pr\u00e9voyez un d\u00e9lai de 2 \u00e0 3 jours pour la confection de votre sac.<\/p>\n","protected":false},"excerpt":{"rendered":"<p>Ce sac en crochet en version Baby est id\u00e9al pour les adeptes des plus petits sacs. Sa taille compacte mais spacieuse permet de transporter vos essentiels avec \u00e9l\u00e9gance. Apportez une touche de gaiet\u00e9 \u00e0 votre style avec ses couleurs vives et \u00e9clatantes. Ce sac est fabriqu\u00e9 en fonction des commandes, pr\u00e9voyez un d\u00e9lai de 2 [&hellip;]<\/p>\n","protected":false},"featured_media":990,"template":"","meta":[],"product_cat":[22],"product_tag":[],"class_list":{"0":"post-182","1":"product","2":"type-product","3":"status-publish","4":"has-post-thumbnail","6":"product_cat-sac-en-crochet","8":"first","9":"instock","10":"sold-individually","11":"taxable","12":"shipping-taxable","13":"purchasable","14":"product-type-simple"},"jetpack_sharing_enabled":true,"_links":{"self":[{"href":"https:\/\/melosa.fr\/index.php\/wp-json\/wp\/v2\/product\/182","targetHints":{"allow":["GET"]}}],"collection":[{"href":"https:\/\/melosa.fr\/index.php\/wp-json\/wp\/v2\/product"}],"about":[{"href":"https:\/\/melosa.fr\/index.php\/wp-json\/wp\/v2\/types\/product"}],"version-history":[{"count":6,"href":"https:\/\/melosa.fr\/index.php\/wp-json\/wp\/v2\/product\/182\/revisions"}],"predecessor-version":[{"id":976,"href":"https:\/\/melosa.fr\/index.php\/wp-json\/wp\/v2\/product\/182\/revisions\/976"}],"wp:featuredmedia":[{"embeddable":true,"href":"https:\/\/melosa.fr\/index.php\/wp-json\/wp\/v2\/media\/990"}],"wp:attachment":[{"href":"https:\/\/melosa.fr\/index.php\/wp-json\/wp\/v2\/media?parent=182"}],"wp:term":[{"taxonomy":"product_cat","embeddable":true,"href":"https:\/\/melosa.fr\/index.php\/wp-json\/wp\/v2\/product_cat?post=182"},{"taxonomy":"product_tag","embeddable":true,"href":"https:\/\/melosa.fr\/index.php\/wp-json\/wp\/v2\/product_tag?post=182"}],"curies":[{"name":"wp","href":"https:\/\/api.w.org\/{rel}","templated":true}]}}