{"id":243,"date":"2024-10-03T16:35:55","date_gmt":"2024-10-03T14:35:55","guid":{"rendered":"https:\/\/melosa.fr\/?post_type=product&#038;p=243"},"modified":"2025-01-14T17:38:10","modified_gmt":"2025-01-14T16:38:10","slug":"baby-angele-bleu-petrole-argente","status":"publish","type":"product","link":"https:\/\/melosa.fr\/index.php\/produit\/baby-angele-bleu-petrole-argente\/","title":{"rendered":"Baby Ang\u00e8le &#8211; Bleu p\u00e9trole argent\u00e9"},"content":{"rendered":"<p>Ce sac en crochet en version Baby est id\u00e9al pour les adeptes des plus petits sacs. Sa taille compacte mais spacieuse permet de transporter vos essentiels avec \u00e9l\u00e9gance. Brillez avec subtilit\u00e9 gr\u00e2ce \u00e0 ce sac en crochet rehauss\u00e9 de fils argent\u00e9s.<\/p>\n<p>Ce sac est fabriqu\u00e9 en fonction des commandes, pr\u00e9voyez un d\u00e9lai de 2 \u00e0 3 jours pour la confection de votre sac.<\/p>\n","protected":false},"excerpt":{"rendered":"<p>Ce sac en crochet en version Baby est id\u00e9al pour les adeptes des plus petits sacs. Sa taille compacte mais spacieuse permet de transporter vos essentiels avec \u00e9l\u00e9gance. Brillez avec subtilit\u00e9 gr\u00e2ce \u00e0 ce sac en crochet rehauss\u00e9 de fils argent\u00e9s. Ce sac est fabriqu\u00e9 en fonction des commandes, pr\u00e9voyez un d\u00e9lai de 2 \u00e0 [&hellip;]<\/p>\n","protected":false},"featured_media":989,"template":"","meta":[],"product_cat":[22],"product_tag":[],"class_list":{"0":"post-243","1":"product","2":"type-product","3":"status-publish","4":"has-post-thumbnail","6":"product_cat-sac-en-crochet","8":"first","9":"instock","10":"sold-individually","11":"taxable","12":"shipping-taxable","13":"purchasable","14":"product-type-simple"},"jetpack_sharing_enabled":true,"_links":{"self":[{"href":"https:\/\/melosa.fr\/index.php\/wp-json\/wp\/v2\/product\/243","targetHints":{"allow":["GET"]}}],"collection":[{"href":"https:\/\/melosa.fr\/index.php\/wp-json\/wp\/v2\/product"}],"about":[{"href":"https:\/\/melosa.fr\/index.php\/wp-json\/wp\/v2\/types\/product"}],"version-history":[{"count":7,"href":"https:\/\/melosa.fr\/index.php\/wp-json\/wp\/v2\/product\/243\/revisions"}],"predecessor-version":[{"id":974,"href":"https:\/\/melosa.fr\/index.php\/wp-json\/wp\/v2\/product\/243\/revisions\/974"}],"wp:featuredmedia":[{"embeddable":true,"href":"https:\/\/melosa.fr\/index.php\/wp-json\/wp\/v2\/media\/989"}],"wp:attachment":[{"href":"https:\/\/melosa.fr\/index.php\/wp-json\/wp\/v2\/media?parent=243"}],"wp:term":[{"taxonomy":"product_cat","embeddable":true,"href":"https:\/\/melosa.fr\/index.php\/wp-json\/wp\/v2\/product_cat?post=243"},{"taxonomy":"product_tag","embeddable":true,"href":"https:\/\/melosa.fr\/index.php\/wp-json\/wp\/v2\/product_tag?post=243"}],"curies":[{"name":"wp","href":"https:\/\/api.w.org\/{rel}","templated":true}]}}