{"id":430,"date":"2024-10-17T14:59:24","date_gmt":"2024-10-17T12:59:24","guid":{"rendered":"https:\/\/melosa.fr\/?post_type=product&#038;p=430"},"modified":"2024-12-09T19:42:00","modified_gmt":"2024-12-09T18:42:00","slug":"angele-creme","status":"publish","type":"product","link":"https:\/\/melosa.fr\/index.php\/produit\/angele-creme\/","title":{"rendered":"Ang\u00e8le &#8211; Cr\u00e8me"},"content":{"rendered":"<p>Confectionn\u00e9 avec soin, ce sac en crochet est l&#8217;accessoire id\u00e9al pour compl\u00e9ter toutes vos tenues au quotidien ou pour les occasions sp\u00e9ciales !<\/p>\n<p>Ce sac est fabriqu\u00e9 en fonction des commandes, pr\u00e9voyez un d\u00e9lai de 2 \u00e0 3 jours pour la confection de votre sac.<\/p>\n","protected":false},"excerpt":{"rendered":"<p>Confectionn\u00e9 avec soin, ce sac en crochet est l&#8217;accessoire id\u00e9al pour compl\u00e9ter toutes vos tenues au quotidien ou pour les occasions sp\u00e9ciales ! Ce sac est fabriqu\u00e9 en fonction des commandes, pr\u00e9voyez un d\u00e9lai de 2 \u00e0 3 jours pour la confection de votre sac.<\/p>\n","protected":false},"featured_media":933,"template":"","meta":[],"product_cat":[22],"product_tag":[],"class_list":{"0":"post-430","1":"product","2":"type-product","3":"status-publish","4":"has-post-thumbnail","6":"product_cat-sac-en-crochet","8":"first","9":"instock","10":"sold-individually","11":"taxable","12":"shipping-taxable","13":"purchasable","14":"product-type-simple"},"jetpack_sharing_enabled":true,"_links":{"self":[{"href":"https:\/\/melosa.fr\/index.php\/wp-json\/wp\/v2\/product\/430","targetHints":{"allow":["GET"]}}],"collection":[{"href":"https:\/\/melosa.fr\/index.php\/wp-json\/wp\/v2\/product"}],"about":[{"href":"https:\/\/melosa.fr\/index.php\/wp-json\/wp\/v2\/types\/product"}],"version-history":[{"count":4,"href":"https:\/\/melosa.fr\/index.php\/wp-json\/wp\/v2\/product\/430\/revisions"}],"predecessor-version":[{"id":805,"href":"https:\/\/melosa.fr\/index.php\/wp-json\/wp\/v2\/product\/430\/revisions\/805"}],"wp:featuredmedia":[{"embeddable":true,"href":"https:\/\/melosa.fr\/index.php\/wp-json\/wp\/v2\/media\/933"}],"wp:attachment":[{"href":"https:\/\/melosa.fr\/index.php\/wp-json\/wp\/v2\/media?parent=430"}],"wp:term":[{"taxonomy":"product_cat","embeddable":true,"href":"https:\/\/melosa.fr\/index.php\/wp-json\/wp\/v2\/product_cat?post=430"},{"taxonomy":"product_tag","embeddable":true,"href":"https:\/\/melosa.fr\/index.php\/wp-json\/wp\/v2\/product_tag?post=430"}],"curies":[{"name":"wp","href":"https:\/\/api.w.org\/{rel}","templated":true}]}}